{"id":8,"date":"2009-06-25T15:58:39","date_gmt":"2009-06-25T12:58:39","guid":{"rendered":"http:\/\/www.soundblog.ro\/?page_id=8"},"modified":"2015-08-26T21:54:05","modified_gmt":"2015-08-26T18:54:05","slug":"despre-soundblog","status":"publish","type":"page","link":"https:\/\/www.soundcreation.ro\/blog\/despre-soundblog\/","title":{"rendered":"Despre soundBlog"},"content":{"rendered":"<p>Soundblog.ro este blogul oficial al <a href=\"http:\/\/www.soundcreation.ro\" target=\"_blank\">soundcreation.ro<\/a> \u0219i \u00ee\u0219i are r\u0103d\u0103cinile in dorin\u021ba de a crea o continuitate in informarea comunit\u0103\u021bii pro-audio, al instrumenti\u0219tilor, profesioni\u0219tilor de studiouri \u0219i \u00eencep\u0103torilor din domeniu.<\/p>\n<p>Articolele vechi sunt preluate de pe <a title=\"soundcreation\" href=\"http:\/\/www.soundcreation.ro\">soundcreation.ro<\/a>, \u00eens\u0103 articolele noi aici vor c\u0103p\u0103ta o acoperire mai larg\u0103 de branduri \u0219i o frecven\u021b\u0103 mai regulat\u0103, iar \u0219tirile vor \u00eencerca s\u0103 acopere cele mai importante nout\u0103\u021bi din industria pro-audio.<\/p>\n<p>Pentru alte informa\u021bii: info@soundcreation.ro<\/p>\n","protected":false},"excerpt":{"rendered":"<p>Soundblog.ro este blogul oficial al soundcreation.ro \u0219i \u00ee\u0219i are r\u0103d\u0103cinile in dorin\u021ba de a crea o continuitate in informarea comunit\u0103\u021bii<\/p>\n","protected":false},"author":1,"featured_media":0,"parent":0,"menu_order":0,"comment_status":"closed","ping_status":"closed","template":"","meta":[],"_links":{"self":[{"href":"https:\/\/www.soundcreation.ro\/blog\/wp-json\/wp\/v2\/pages\/8"}],"collection":[{"href":"https:\/\/www.soundcreation.ro\/blog\/wp-json\/wp\/v2\/pages"}],"about":[{"href":"https:\/\/www.soundcreation.ro\/blog\/wp-json\/wp\/v2\/types\/page"}],"author":[{"embeddable":true,"href":"https:\/\/www.soundcreation.ro\/blog\/wp-json\/wp\/v2\/users\/1"}],"replies":[{"embeddable":true,"href":"https:\/\/www.soundcreation.ro\/blog\/wp-json\/wp\/v2\/comments?post=8"}],"version-history":[{"count":13,"href":"https:\/\/www.soundcreation.ro\/blog\/wp-json\/wp\/v2\/pages\/8\/revisions"}],"predecessor-version":[{"id":3261,"href":"https:\/\/www.soundcreation.ro\/blog\/wp-json\/wp\/v2\/pages\/8\/revisions\/3261"}],"wp:attachment":[{"href":"https:\/\/www.soundcreation.ro\/blog\/wp-json\/wp\/v2\/media?parent=8"}],"curies":[{"name":"wp","href":"https:\/\/api.w.org\/{rel}","templated":true}]}}